{"id":7499,"date":"2025-02-03T16:33:23","date_gmt":"2025-02-03T15:33:23","guid":{"rendered":"https:\/\/ecib.es\/puertas-abiertas\/"},"modified":"2025-02-11T17:17:07","modified_gmt":"2025-02-11T16:17:07","slug":"portes-obertes","status":"publish","type":"page","link":"https:\/\/ecib.es\/ca\/portes-obertes\/","title":{"rendered":"Portes Obertes"},"content":{"rendered":"","protected":false},"excerpt":{"rendered":"","protected":false},"author":7,"featured_media":0,"parent":0,"menu_order":0,"comment_status":"closed","ping_status":"closed","template":"templates\/template-about.php","meta":{"_acf_changed":false,"footnotes":""},"class_list":["post-7499","page","type-page","status-publish","hentry"],"acf":[],"yoast_head":"<!-- This site is optimized with the Yoast SEO plugin v27.3 - https:\/\/yoast.com\/product\/yoast-seo-wordpress\/ -->\n<title>Portes Obertes | ECIB<\/title>\n<meta name=\"description\" content=\"Et convidem a visitar-nos en el moment que desitgis i experimentar de primera m\u00e0 l&#039;entorn acad\u00e8mic i el dia a dia de la nostra instituci\u00f3. Nom\u00e9s has de demanar cita\" \/>\n<meta name=\"robots\" content=\"index, follow, max-snippet:-1, max-image-preview:large, max-video-preview:-1\" \/>\n<link rel=\"canonical\" href=\"https:\/\/ecib.es\/ca\/portes-obertes\/\" \/>\n<meta property=\"og:locale\" content=\"ca_ES\" \/>\n<meta property=\"og:type\" content=\"article\" \/>\n<meta property=\"og:title\" content=\"Portes Obertes | ECIB\" \/>\n<meta property=\"og:description\" content=\"Et convidem a visitar-nos en el moment que desitgis i experimentar de primera m\u00e0 l&#039;entorn acad\u00e8mic i el dia a dia de la nostra instituci\u00f3. Nom\u00e9s has de demanar cita\" \/>\n<meta property=\"og:url\" content=\"https:\/\/ecib.es\/ca\/portes-obertes\/\" \/>\n<meta property=\"og:site_name\" content=\"ECIB\" \/>\n<meta property=\"article:modified_time\" content=\"2025-02-11T16:17:07+00:00\" \/>\n<meta name=\"twitter:card\" content=\"summary_large_image\" \/>\n<meta name=\"twitter:label1\" content=\"Temps estimat de lectura\" \/>\n\t<meta name=\"twitter:data1\" content=\"1 minut\" \/>\n<!-- \/ Yoast SEO plugin. -->","yoast_head_json":{"title":"Portes Obertes | ECIB","description":"Et convidem a visitar-nos en el moment que desitgis i experimentar de primera m\u00e0 l'entorn acad\u00e8mic i el dia a dia de la nostra instituci\u00f3. Nom\u00e9s has de demanar cita","robots":{"index":"index","follow":"follow","max-snippet":"max-snippet:-1","max-image-preview":"max-image-preview:large","max-video-preview":"max-video-preview:-1"},"canonical":"https:\/\/ecib.es\/ca\/portes-obertes\/","og_locale":"ca_ES","og_type":"article","og_title":"Portes Obertes | ECIB","og_description":"Et convidem a visitar-nos en el moment que desitgis i experimentar de primera m\u00e0 l'entorn acad\u00e8mic i el dia a dia de la nostra instituci\u00f3. Nom\u00e9s has de demanar cita","og_url":"https:\/\/ecib.es\/ca\/portes-obertes\/","og_site_name":"ECIB","article_modified_time":"2025-02-11T16:17:07+00:00","twitter_card":"summary_large_image","twitter_misc":{"Temps estimat de lectura":"1 minut"},"schema":{"@context":"https:\/\/schema.org","@graph":[{"@type":"WebPage","@id":"https:\/\/ecib.es\/ca\/portes-obertes\/","url":"https:\/\/ecib.es\/ca\/portes-obertes\/","name":"Portes Obertes | ECIB","isPartOf":{"@id":"https:\/\/ecib.es\/ca\/#website"},"datePublished":"2025-02-03T15:33:23+00:00","dateModified":"2025-02-11T16:17:07+00:00","description":"Et convidem a visitar-nos en el moment que desitgis i experimentar de primera m\u00e0 l'entorn acad\u00e8mic i el dia a dia de la nostra instituci\u00f3. Nom\u00e9s has de demanar cita","breadcrumb":{"@id":"https:\/\/ecib.es\/ca\/portes-obertes\/#breadcrumb"},"inLanguage":"ca","potentialAction":[{"@type":"ReadAction","target":["https:\/\/ecib.es\/ca\/portes-obertes\/"]}]},{"@type":"BreadcrumbList","@id":"https:\/\/ecib.es\/ca\/portes-obertes\/#breadcrumb","itemListElement":[{"@type":"ListItem","position":1,"name":"Portada","item":"https:\/\/ecib.es\/ca\/"},{"@type":"ListItem","position":2,"name":"Portes Obertes"}]},{"@type":"WebSite","@id":"https:\/\/ecib.es\/ca\/#website","url":"https:\/\/ecib.es\/ca\/","name":"ECIB","description":"La Escuela de cine de Barcelona","alternateName":"ECIB","potentialAction":[{"@type":"SearchAction","target":{"@type":"EntryPoint","urlTemplate":"https:\/\/ecib.es\/ca\/?s={search_term_string}"},"query-input":{"@type":"PropertyValueSpecification","valueRequired":true,"valueName":"search_term_string"}}],"inLanguage":"ca"}]}},"_links":{"self":[{"href":"https:\/\/ecib.es\/ca\/wp-json\/wp\/v2\/pages\/7499","targetHints":{"allow":["GET"]}}],"collection":[{"href":"https:\/\/ecib.es\/ca\/wp-json\/wp\/v2\/pages"}],"about":[{"href":"https:\/\/ecib.es\/ca\/wp-json\/wp\/v2\/types\/page"}],"author":[{"embeddable":true,"href":"https:\/\/ecib.es\/ca\/wp-json\/wp\/v2\/users\/7"}],"replies":[{"embeddable":true,"href":"https:\/\/ecib.es\/ca\/wp-json\/wp\/v2\/comments?post=7499"}],"version-history":[{"count":3,"href":"https:\/\/ecib.es\/ca\/wp-json\/wp\/v2\/pages\/7499\/revisions"}],"predecessor-version":[{"id":7503,"href":"https:\/\/ecib.es\/ca\/wp-json\/wp\/v2\/pages\/7499\/revisions\/7503"}],"wp:attachment":[{"href":"https:\/\/ecib.es\/ca\/wp-json\/wp\/v2\/media?parent=7499"}],"curies":[{"name":"wp","href":"https:\/\/api.w.org\/{rel}","templated":true}]}}