{"id":4428,"date":"2023-10-06T11:47:43","date_gmt":"2023-10-06T09:47:43","guid":{"rendered":"https:\/\/ecib.es\/masterclases\/"},"modified":"2024-02-13T10:00:23","modified_gmt":"2024-02-13T09:00:23","slug":"masterclases","status":"publish","type":"page","link":"https:\/\/ecib.es\/ca\/masterclases\/","title":{"rendered":"Masterclases"},"content":{"rendered":"","protected":false},"excerpt":{"rendered":"","protected":false},"author":1,"featured_media":0,"parent":0,"menu_order":0,"comment_status":"closed","ping_status":"closed","template":"templates\/template-cpt-masterclass.php","meta":{"_acf_changed":false,"footnotes":""},"class_list":["post-4428","page","type-page","status-publish","hentry"],"acf":[],"yoast_head":"<!-- This site is optimized with the Yoast SEO plugin v27.2 - https:\/\/yoast.com\/product\/yoast-seo-wordpress\/ -->\n<title>Masterclases de cinema i animaci\u00f3 | ECIB<\/title>\n<meta name=\"description\" content=\"Seminaris, confer\u00e8ncies i masterclass de les diferents \u00e0rees del cinema i de l&#039;animaci\u00f3 impartides de la m\u00e0 de professionals de primer nivell.\" \/>\n<meta name=\"robots\" content=\"index, follow, max-snippet:-1, max-image-preview:large, max-video-preview:-1\" \/>\n<link rel=\"canonical\" href=\"https:\/\/ecib.es\/ca\/masterclases\/\" \/>\n<meta property=\"og:locale\" content=\"ca_ES\" \/>\n<meta property=\"og:type\" content=\"article\" \/>\n<meta property=\"og:title\" content=\"Masterclases de cinema i animaci\u00f3 | ECIB\" \/>\n<meta property=\"og:description\" content=\"Seminaris, confer\u00e8ncies i masterclass de les diferents \u00e0rees del cinema i de l&#039;animaci\u00f3 impartides de la m\u00e0 de professionals de primer nivell.\" \/>\n<meta property=\"og:url\" content=\"https:\/\/ecib.es\/ca\/masterclases\/\" \/>\n<meta property=\"og:site_name\" content=\"ECIB\" \/>\n<meta property=\"article:modified_time\" content=\"2024-02-13T09:00:23+00:00\" \/>\n<meta name=\"twitter:card\" content=\"summary_large_image\" \/>\n<meta name=\"twitter:label1\" content=\"Temps estimat de lectura\" \/>\n\t<meta name=\"twitter:data1\" content=\"1 minut\" \/>\n<!-- \/ Yoast SEO plugin. -->","yoast_head_json":{"title":"Masterclases de cinema i animaci\u00f3 | ECIB","description":"Seminaris, confer\u00e8ncies i masterclass de les diferents \u00e0rees del cinema i de l'animaci\u00f3 impartides de la m\u00e0 de professionals de primer nivell.","robots":{"index":"index","follow":"follow","max-snippet":"max-snippet:-1","max-image-preview":"max-image-preview:large","max-video-preview":"max-video-preview:-1"},"canonical":"https:\/\/ecib.es\/ca\/masterclases\/","og_locale":"ca_ES","og_type":"article","og_title":"Masterclases de cinema i animaci\u00f3 | ECIB","og_description":"Seminaris, confer\u00e8ncies i masterclass de les diferents \u00e0rees del cinema i de l'animaci\u00f3 impartides de la m\u00e0 de professionals de primer nivell.","og_url":"https:\/\/ecib.es\/ca\/masterclases\/","og_site_name":"ECIB","article_modified_time":"2024-02-13T09:00:23+00:00","twitter_card":"summary_large_image","twitter_misc":{"Temps estimat de lectura":"1 minut"},"schema":{"@context":"https:\/\/schema.org","@graph":[{"@type":"WebPage","@id":"https:\/\/ecib.es\/ca\/masterclases\/","url":"https:\/\/ecib.es\/ca\/masterclases\/","name":"Masterclases de cinema i animaci\u00f3 | ECIB","isPartOf":{"@id":"https:\/\/ecib.es\/ca\/#website"},"datePublished":"2023-10-06T09:47:43+00:00","dateModified":"2024-02-13T09:00:23+00:00","description":"Seminaris, confer\u00e8ncies i masterclass de les diferents \u00e0rees del cinema i de l'animaci\u00f3 impartides de la m\u00e0 de professionals de primer nivell.","breadcrumb":{"@id":"https:\/\/ecib.es\/ca\/masterclases\/#breadcrumb"},"inLanguage":"ca","potentialAction":[{"@type":"ReadAction","target":["https:\/\/ecib.es\/ca\/masterclases\/"]}]},{"@type":"BreadcrumbList","@id":"https:\/\/ecib.es\/ca\/masterclases\/#breadcrumb","itemListElement":[{"@type":"ListItem","position":1,"name":"Portada","item":"https:\/\/ecib.es\/ca\/"},{"@type":"ListItem","position":2,"name":"Masterclases"}]},{"@type":"WebSite","@id":"https:\/\/ecib.es\/ca\/#website","url":"https:\/\/ecib.es\/ca\/","name":"ECIB","description":"La Escuela de cine de Barcelona","alternateName":"ECIB","potentialAction":[{"@type":"SearchAction","target":{"@type":"EntryPoint","urlTemplate":"https:\/\/ecib.es\/ca\/?s={search_term_string}"},"query-input":{"@type":"PropertyValueSpecification","valueRequired":true,"valueName":"search_term_string"}}],"inLanguage":"ca"}]}},"_links":{"self":[{"href":"https:\/\/ecib.es\/ca\/wp-json\/wp\/v2\/pages\/4428","targetHints":{"allow":["GET"]}}],"collection":[{"href":"https:\/\/ecib.es\/ca\/wp-json\/wp\/v2\/pages"}],"about":[{"href":"https:\/\/ecib.es\/ca\/wp-json\/wp\/v2\/types\/page"}],"author":[{"embeddable":true,"href":"https:\/\/ecib.es\/ca\/wp-json\/wp\/v2\/users\/1"}],"replies":[{"embeddable":true,"href":"https:\/\/ecib.es\/ca\/wp-json\/wp\/v2\/comments?post=4428"}],"version-history":[{"count":3,"href":"https:\/\/ecib.es\/ca\/wp-json\/wp\/v2\/pages\/4428\/revisions"}],"predecessor-version":[{"id":4434,"href":"https:\/\/ecib.es\/ca\/wp-json\/wp\/v2\/pages\/4428\/revisions\/4434"}],"wp:attachment":[{"href":"https:\/\/ecib.es\/ca\/wp-json\/wp\/v2\/media?parent=4428"}],"curies":[{"name":"wp","href":"https:\/\/api.w.org\/{rel}","templated":true}]}}